{"id":7223,"date":"2026-03-25T09:43:35","date_gmt":"2026-03-25T08:43:35","guid":{"rendered":"https:\/\/www.pixelkomando.be\/shop\/?page_id=7223"},"modified":"2026-03-27T18:41:32","modified_gmt":"2026-03-27T17:41:32","slug":"espace-client","status":"publish","type":"page","link":"https:\/\/www.pixelkomando.be\/hub\/espace-client\/","title":{"rendered":"Espace Client"},"content":{"rendered":"<p>        <div class=\"pk-client-wrap\">\n            <div class=\"pk-login-box\">\n                <h2>Espace client <span style=\"color:#dd9933;\">Pixel Komando<\/span><\/h2>\n                <p>Connectez-vous pour acc\u00e9der \u00e0 vos fichiers et documents priv\u00e9s.<\/p>\n                <div class=\"pk-inline-login\">\n                    <form name=\"loginform\" id=\"loginform\" action=\"https:\/\/www.pixelkomando.be\/hub\/wp-login.php\" method=\"post\"><p class=\"login-username\">\n\t\t\t\t<label for=\"user_login\">Adresse e-mail<\/label>\n\t\t\t\t<input type=\"text\" name=\"log\" id=\"user_login\" autocomplete=\"username\" class=\"input\" value=\"\" size=\"20\" \/>\n\t\t\t<\/p><p class=\"login-password\">\n\t\t\t\t<label for=\"user_pass\">Mot de passe<\/label>\n\t\t\t\t<input type=\"password\" name=\"pwd\" id=\"user_pass\" autocomplete=\"current-password\" spellcheck=\"false\" class=\"input\" value=\"\" size=\"20\" \/>\n\t\t\t<\/p><p class=\"login-remember\"><label><input name=\"rememberme\" type=\"checkbox\" id=\"rememberme\" value=\"forever\" \/> Se souvenir de moi<\/label><\/p><p class=\"login-submit\">\n\t\t\t\t<input type=\"submit\" name=\"wp-submit\" id=\"wp-submit\" class=\"button button-primary\" value=\"Se connecter\" \/>\n\t\t\t\t<input type=\"hidden\" name=\"redirect_to\" value=\"https:\/\/www.pixelkomando.be\/hub\/espace-client\/\" \/>\n\t\t\t<\/p><\/form>                <\/div>\n                <p style=\"margin-top:14px; font-size:0.85rem; color:#888;\">\n                    \ud83d\udd12 Acc\u00e8s s\u00e9curis\u00e9 \u2013 Vos fichiers restent priv\u00e9s\n                <\/p>\n            <\/div>\n        <\/div>\n        <br \/>\n<\/p>\n\n\n\n<p><\/p>\n","protected":false},"excerpt":{"rendered":"","protected":false},"author":1,"featured_media":0,"parent":0,"menu_order":0,"comment_status":"closed","ping_status":"closed","template":"","meta":{"footnotes":""},"class_list":["post-7223","page","type-page","status-publish","hentry"],"_links":{"self":[{"href":"https:\/\/www.pixelkomando.be\/hub\/wp-json\/wp\/v2\/pages\/7223","targetHints":{"allow":["GET"]}}],"collection":[{"href":"https:\/\/www.pixelkomando.be\/hub\/wp-json\/wp\/v2\/pages"}],"about":[{"href":"https:\/\/www.pixelkomando.be\/hub\/wp-json\/wp\/v2\/types\/page"}],"author":[{"embeddable":true,"href":"https:\/\/www.pixelkomando.be\/hub\/wp-json\/wp\/v2\/users\/1"}],"replies":[{"embeddable":true,"href":"https:\/\/www.pixelkomando.be\/hub\/wp-json\/wp\/v2\/comments?post=7223"}],"version-history":[{"count":2,"href":"https:\/\/www.pixelkomando.be\/hub\/wp-json\/wp\/v2\/pages\/7223\/revisions"}],"predecessor-version":[{"id":7353,"href":"https:\/\/www.pixelkomando.be\/hub\/wp-json\/wp\/v2\/pages\/7223\/revisions\/7353"}],"wp:attachment":[{"href":"https:\/\/www.pixelkomando.be\/hub\/wp-json\/wp\/v2\/media?parent=7223"}],"curies":[{"name":"wp","href":"https:\/\/api.w.org\/{rel}","templated":true}]}}